{"id":2254,"date":"2023-08-16T11:03:10","date_gmt":"2023-08-16T09:03:10","guid":{"rendered":"https:\/\/hs-shoppen.dk\/?post_type=product&#038;p=2254"},"modified":"2024-10-20T20:24:10","modified_gmt":"2024-10-20T18:24:10","slug":"boot-fra-5-th-avenue-smart-til-baade-hverdag-og-fest-og-til-super-god-pris","status":"publish","type":"product","link":"https:\/\/hs-shoppen.dk\/index.php\/vare\/boot-fra-5-th-avenue-smart-til-baade-hverdag-og-fest-og-til-super-god-pris\/","title":{"rendered":"Boot fra 5 th Avenue &#8211; smart til b\u00e5de hverdag og fest nu 150kr"},"content":{"rendered":"<p>Sk\u00f8n sort damest\u00f8vle fra 5th Avenue i imiteret skind og med bl\u00f8dt fleecefor. Elastik i siderne og lynl\u00e5s indvendig, der g\u00f8r den nem at smutte i. Lille finesse med trekant med &#8220;krokodilleskind&#8221; bagp\u00e5, der g\u00f8r st\u00f8vlen ekstra fin.<\/p>\n<p><b><i>Normal i str.<\/i><\/b><\/p>\n","protected":false},"excerpt":{"rendered":"<p>Sk\u00f8n damest\u00f8vle fra 5th Avenue i imiteret skind og med bl\u00f8dt fleecefor. Elastik i siderne og lynl\u00e5s indvendig, der g\u00f8r den nem at smutte i. Lille finesse med \u201ckrokodilleskind\u201d bagp\u00e5, der g\u00f8r st\u00f8vlen ekstra fin.<\/p>\n","protected":false},"featured_media":2264,"comment_status":"open","ping_status":"closed","template":"","meta":[],"product_brand":[],"product_cat":[16],"product_tag":[30,223,109,176,44],"class_list":{"0":"post-2254","1":"product","2":"type-product","3":"status-publish","4":"has-post-thumbnail","6":"product_cat-dame-fodtoej","7":"product_tag-damestoevle","8":"product_tag-fleece-for","9":"product_tag-imiteret-skind","10":"product_tag-lynlaas","11":"product_tag-sort","12":"pa_stoerrelse-38","13":"pa_stoerrelse-32","14":"pa_stoerrelse-39","15":"pa_stoerrelse-33","16":"pa_stoerrelse-36","17":"pa_stoerrelse-37","19":"first","20":"instock","21":"sale","22":"purchasable","23":"product-type-variable"},"jetpack_sharing_enabled":true,"_links":{"self":[{"href":"https:\/\/hs-shoppen.dk\/index.php\/wp-json\/wp\/v2\/product\/2254","targetHints":{"allow":["GET"]}}],"collection":[{"href":"https:\/\/hs-shoppen.dk\/index.php\/wp-json\/wp\/v2\/product"}],"about":[{"href":"https:\/\/hs-shoppen.dk\/index.php\/wp-json\/wp\/v2\/types\/product"}],"replies":[{"embeddable":true,"href":"https:\/\/hs-shoppen.dk\/index.php\/wp-json\/wp\/v2\/comments?post=2254"}],"wp:featuredmedia":[{"embeddable":true,"href":"https:\/\/hs-shoppen.dk\/index.php\/wp-json\/wp\/v2\/media\/2264"}],"wp:attachment":[{"href":"https:\/\/hs-shoppen.dk\/index.php\/wp-json\/wp\/v2\/media?parent=2254"}],"wp:term":[{"taxonomy":"product_brand","embeddable":true,"href":"https:\/\/hs-shoppen.dk\/index.php\/wp-json\/wp\/v2\/product_brand?post=2254"},{"taxonomy":"product_cat","embeddable":true,"href":"https:\/\/hs-shoppen.dk\/index.php\/wp-json\/wp\/v2\/product_cat?post=2254"},{"taxonomy":"product_tag","embeddable":true,"href":"https:\/\/hs-shoppen.dk\/index.php\/wp-json\/wp\/v2\/product_tag?post=2254"}],"curies":[{"name":"wp","href":"https:\/\/api.w.org\/{rel}","templated":true}]}}