{"id":2341,"date":"2021-08-27T16:11:31","date_gmt":"2021-08-27T14:11:31","guid":{"rendered":"https:\/\/hs-shoppen.dk\/index.php\/vare\/fedeste-sorte-forede-lange-vinterstoevler-med-vandtaet-snude-fra-5th-avenue\/"},"modified":"2023-08-21T18:44:54","modified_gmt":"2023-08-21T16:44:54","slug":"fedeste-sorte-forede-lange-vinterstoevler-med-vandtaet-snude-fra-5th-avenue","status":"publish","type":"product","link":"https:\/\/hs-shoppen.dk\/index.php\/vare\/fedeste-sorte-forede-lange-vinterstoevler-med-vandtaet-snude-fra-5th-avenue\/","title":{"rendered":"Fedeste sorte forede lange vinterst\u00f8vler med vandt\u00e6t snude fra 5th avenue nu kun 275kr"},"content":{"rendered":"<p>L\u00e6kker varm og let st\u00f8vle til midt p\u00e5 skinnebenet, med lynl\u00e5s foran, der g\u00f8r den let at smutte i. M\u00e6rke 5th avenue<\/p>\n","protected":false},"excerpt":{"rendered":"<p>L\u00e6kker varm og let st\u00f8vle til midt p\u00e5 skinnebenet, med lynl\u00e5s foran, der g\u00f8r den let at smutte i. M\u00e6rke 5th avenue<\/p>\n","protected":false},"featured_media":2342,"comment_status":"open","ping_status":"closed","template":"","meta":[],"product_brand":[],"product_cat":[16,20],"product_tag":[176,44,229,125],"class_list":{"0":"post-2341","1":"product","2":"type-product","3":"status-publish","4":"has-post-thumbnail","6":"product_cat-dame-fodtoej","7":"product_cat-pigefodtoej","8":"product_tag-lynlaas","9":"product_tag-sort","10":"product_tag-varm","11":"product_tag-vinterstoevle","12":"pa_stoerrelse-32","13":"pa_stoerrelse-39","14":"pa_stoerrelse-33","15":"pa_stoerrelse-36","16":"pa_stoerrelse-37","17":"pa_stoerrelse-104","19":"first","20":"instock","21":"product-type-variable"},"jetpack_sharing_enabled":true,"_links":{"self":[{"href":"https:\/\/hs-shoppen.dk\/index.php\/wp-json\/wp\/v2\/product\/2341","targetHints":{"allow":["GET"]}}],"collection":[{"href":"https:\/\/hs-shoppen.dk\/index.php\/wp-json\/wp\/v2\/product"}],"about":[{"href":"https:\/\/hs-shoppen.dk\/index.php\/wp-json\/wp\/v2\/types\/product"}],"replies":[{"embeddable":true,"href":"https:\/\/hs-shoppen.dk\/index.php\/wp-json\/wp\/v2\/comments?post=2341"}],"wp:featuredmedia":[{"embeddable":true,"href":"https:\/\/hs-shoppen.dk\/index.php\/wp-json\/wp\/v2\/media\/2342"}],"wp:attachment":[{"href":"https:\/\/hs-shoppen.dk\/index.php\/wp-json\/wp\/v2\/media?parent=2341"}],"wp:term":[{"taxonomy":"product_brand","embeddable":true,"href":"https:\/\/hs-shoppen.dk\/index.php\/wp-json\/wp\/v2\/product_brand?post=2341"},{"taxonomy":"product_cat","embeddable":true,"href":"https:\/\/hs-shoppen.dk\/index.php\/wp-json\/wp\/v2\/product_cat?post=2341"},{"taxonomy":"product_tag","embeddable":true,"href":"https:\/\/hs-shoppen.dk\/index.php\/wp-json\/wp\/v2\/product_tag?post=2341"}],"curies":[{"name":"wp","href":"https:\/\/api.w.org\/{rel}","templated":true}]}}