{"id":2363,"date":"2021-09-03T13:22:15","date_gmt":"2021-09-03T11:22:15","guid":{"rendered":"https:\/\/hs-shoppen.dk\/?post_type=product&#038;p=2363"},"modified":"2022-06-10T15:18:00","modified_gmt":"2022-06-10T13:18:00","slug":"smart-vinterstoevle-med-c-texi-membran-fra-sprox","status":"publish","type":"product","link":"https:\/\/hs-shoppen.dk\/index.php\/vare\/smart-vinterstoevle-med-c-texi-membran-fra-sprox\/","title":{"rendered":"Smart vinterst\u00f8vle med c-texi membran fra SPROX"},"content":{"rendered":"<p>Smart foret vandt\u00e6t pige vinterst\u00f8vle &#8211; L\u00c6KKER OG LET &#8211; til al slags efter\u00e5rs og vintervejr &#8211; l\u00e6kkert fleecefor, f\u00e5s\u00a0 i str. 24-32, velcro lukning<\/p>\n","protected":false},"excerpt":{"rendered":"<p>Smart foret vandt\u00e6t pige vinterst\u00f8vle &#8211; L\u00c6KKER OG LET &#8211; til al slags efter\u00e5rs og vintervejr &#8211; l\u00e6kkert fleecefor, f\u00e5s\u00a0 i str. 24-32<\/p>\n","protected":false},"featured_media":2373,"comment_status":"open","ping_status":"closed","template":"","meta":[],"product_brand":[],"product_cat":[20],"product_tag":[73,56,230,44,172,90,72],"class_list":{"0":"post-2363","1":"product","2":"type-product","3":"status-publish","4":"has-post-thumbnail","6":"product_cat-pigefodtoej","7":"product_tag-foret","8":"product_tag-pige","9":"product_tag-rubinroed","10":"product_tag-sort","11":"product_tag-sprox","12":"product_tag-stoevle","13":"product_tag-vandtaet","14":"pa_stoerrelse-70","15":"pa_stoerrelse-79","16":"pa_stoerrelse-80","17":"pa_stoerrelse-69","18":"pa_stoerrelse-58","19":"pa_stoerrelse-59","20":"pa_stoerrelse-60","21":"pa_stoerrelse-61","22":"pa_stoerrelse-62","24":"first","25":"instock","26":"sale","27":"purchasable","28":"product-type-variable"},"jetpack_sharing_enabled":true,"_links":{"self":[{"href":"https:\/\/hs-shoppen.dk\/index.php\/wp-json\/wp\/v2\/product\/2363","targetHints":{"allow":["GET"]}}],"collection":[{"href":"https:\/\/hs-shoppen.dk\/index.php\/wp-json\/wp\/v2\/product"}],"about":[{"href":"https:\/\/hs-shoppen.dk\/index.php\/wp-json\/wp\/v2\/types\/product"}],"replies":[{"embeddable":true,"href":"https:\/\/hs-shoppen.dk\/index.php\/wp-json\/wp\/v2\/comments?post=2363"}],"wp:featuredmedia":[{"embeddable":true,"href":"https:\/\/hs-shoppen.dk\/index.php\/wp-json\/wp\/v2\/media\/2373"}],"wp:attachment":[{"href":"https:\/\/hs-shoppen.dk\/index.php\/wp-json\/wp\/v2\/media?parent=2363"}],"wp:term":[{"taxonomy":"product_brand","embeddable":true,"href":"https:\/\/hs-shoppen.dk\/index.php\/wp-json\/wp\/v2\/product_brand?post=2363"},{"taxonomy":"product_cat","embeddable":true,"href":"https:\/\/hs-shoppen.dk\/index.php\/wp-json\/wp\/v2\/product_cat?post=2363"},{"taxonomy":"product_tag","embeddable":true,"href":"https:\/\/hs-shoppen.dk\/index.php\/wp-json\/wp\/v2\/product_tag?post=2363"}],"curies":[{"name":"wp","href":"https:\/\/api.w.org\/{rel}","templated":true}]}}