{"id":2653,"date":"2021-10-14T11:01:04","date_gmt":"2021-10-14T09:01:04","guid":{"rendered":"https:\/\/hs-shoppen.dk\/?post_type=product&#038;p=2653"},"modified":"2024-05-05T17:37:59","modified_gmt":"2024-05-05T15:37:59","slug":"drengestoevle-med-let-for-og-tex-membran-fra-d-t-new-york","status":"publish","type":"product","link":"https:\/\/hs-shoppen.dk\/index.php\/vare\/drengestoevle-med-let-for-og-tex-membran-fra-d-t-new-york\/","title":{"rendered":"Drengest\u00f8vle med let for og tex membran fra D. T. New York nu kun 200kr"},"content":{"rendered":"<p>Vandt\u00e6t drenge vinterst\u00f8vle &#8211; LET -farve gr\u00e5\/sort og gr\u00f8n til al slags vejr &#8211; let foret, f\u00e5s i str. 28-40<\/p>\n<p>Sn\u00f8relukning, men velcro \u00f8verst, s\u00e5 der ikke skal bindes sn\u00f8reb\u00e5nd<\/p>\n","protected":false},"excerpt":{"rendered":"<p>Vandt\u00e6t drenge vinterst\u00f8vle \u2013 LET -farve gr\u00e5\/sort og gr\u00f8n til al slags vejr \u2013 let foret, f\u00e5s i str. 28-40<\/p>\n","protected":false},"featured_media":2672,"comment_status":"open","ping_status":"closed","template":"","meta":[],"product_brand":[],"product_cat":[18],"product_tag":[211,74,73,161,44,90,263,72],"class_list":{"0":"post-2653","1":"product","2":"type-product","3":"status-publish","4":"has-post-thumbnail","6":"product_cat-drenge-fodtoej","7":"product_tag-d-t-new-york","8":"product_tag-dreng","9":"product_tag-foret","10":"product_tag-groen","11":"product_tag-sort","12":"product_tag-stoevle","13":"product_tag-vandrestoevle","14":"product_tag-vandtaet","15":"pa_stoerrelse-58","16":"pa_stoerrelse-59","17":"pa_stoerrelse-60","18":"pa_stoerrelse-61","19":"pa_stoerrelse-62","20":"pa_stoerrelse-63","21":"pa_stoerrelse-64","22":"pa_stoerrelse-75","23":"pa_stoerrelse-38","24":"pa_stoerrelse-32","25":"pa_stoerrelse-39","26":"pa_stoerrelse-33","27":"pa_stoerrelse-36","29":"first","30":"instock","31":"sale","32":"purchasable","33":"product-type-variable"},"jetpack_sharing_enabled":true,"_links":{"self":[{"href":"https:\/\/hs-shoppen.dk\/index.php\/wp-json\/wp\/v2\/product\/2653","targetHints":{"allow":["GET"]}}],"collection":[{"href":"https:\/\/hs-shoppen.dk\/index.php\/wp-json\/wp\/v2\/product"}],"about":[{"href":"https:\/\/hs-shoppen.dk\/index.php\/wp-json\/wp\/v2\/types\/product"}],"replies":[{"embeddable":true,"href":"https:\/\/hs-shoppen.dk\/index.php\/wp-json\/wp\/v2\/comments?post=2653"}],"wp:featuredmedia":[{"embeddable":true,"href":"https:\/\/hs-shoppen.dk\/index.php\/wp-json\/wp\/v2\/media\/2672"}],"wp:attachment":[{"href":"https:\/\/hs-shoppen.dk\/index.php\/wp-json\/wp\/v2\/media?parent=2653"}],"wp:term":[{"taxonomy":"product_brand","embeddable":true,"href":"https:\/\/hs-shoppen.dk\/index.php\/wp-json\/wp\/v2\/product_brand?post=2653"},{"taxonomy":"product_cat","embeddable":true,"href":"https:\/\/hs-shoppen.dk\/index.php\/wp-json\/wp\/v2\/product_cat?post=2653"},{"taxonomy":"product_tag","embeddable":true,"href":"https:\/\/hs-shoppen.dk\/index.php\/wp-json\/wp\/v2\/product_tag?post=2653"}],"curies":[{"name":"wp","href":"https:\/\/api.w.org\/{rel}","templated":true}]}}