{"id":3108,"date":"2022-04-13T12:29:56","date_gmt":"2022-04-13T10:29:56","guid":{"rendered":"https:\/\/hs-shoppen.dk\/index.php\/vare\/let-elastik-sko-fra-tamaris\/"},"modified":"2023-08-21T18:04:58","modified_gmt":"2023-08-21T16:04:58","slug":"let-elastik-sko-fra-tamaris","status":"publish","type":"product","link":"https:\/\/hs-shoppen.dk\/index.php\/vare\/let-elastik-sko-fra-tamaris\/","title":{"rendered":"Let elastik sko fra Tamaris ekstra nedsat"},"content":{"rendered":"<p>L\u00e6kker elastik sko fra Tamaris med l\u00e6kker tyk bund. Trods dette er skoen super let. Vejl pris er 599,95kr pris i HS-Shoppen 350kr, uden sn\u00f8reb\u00e5nd, de er s\u00e5 lette at smutte i.<\/p>\n<p>F\u00e5s i str 38-42, normal i str<\/p>\n","protected":false},"excerpt":{"rendered":"<p>L\u00e6kker elastik sko fra Tamaris med l\u00e6kker tyk bund. Trods dette er skoen super let. Vejl pris er 599,95kr pris i HS-Shoppen 350kr, uden sn\u00f8reb\u00e5nd, de er s\u00e5 lette at smutte i. F\u00e5s i str 38-42, normal i str<\/p>\n","protected":false},"featured_media":3107,"comment_status":"open","ping_status":"closed","template":"","meta":[],"product_brand":[],"product_cat":[16,20],"product_tag":[256,44,234,280,279],"class_list":{"0":"post-3108","1":"product","2":"type-product","3":"status-publish","4":"has-post-thumbnail","6":"product_cat-dame-fodtoej","7":"product_cat-pigefodtoej","8":"product_tag-elastik","9":"product_tag-sort","10":"product_tag-tamaris","11":"product_tag-tyk-bund","12":"product_tag-uden-snoerebaand","13":"pa_stoerrelse-32","14":"pa_stoerrelse-39","15":"pa_stoerrelse-33","16":"pa_stoerrelse-36","17":"pa_stoerrelse-37","18":"pa_stoerrelse-104","20":"first","21":"instock","22":"sale","23":"purchasable","24":"product-type-variable"},"jetpack_sharing_enabled":true,"_links":{"self":[{"href":"https:\/\/hs-shoppen.dk\/index.php\/wp-json\/wp\/v2\/product\/3108","targetHints":{"allow":["GET"]}}],"collection":[{"href":"https:\/\/hs-shoppen.dk\/index.php\/wp-json\/wp\/v2\/product"}],"about":[{"href":"https:\/\/hs-shoppen.dk\/index.php\/wp-json\/wp\/v2\/types\/product"}],"replies":[{"embeddable":true,"href":"https:\/\/hs-shoppen.dk\/index.php\/wp-json\/wp\/v2\/comments?post=3108"}],"wp:featuredmedia":[{"embeddable":true,"href":"https:\/\/hs-shoppen.dk\/index.php\/wp-json\/wp\/v2\/media\/3107"}],"wp:attachment":[{"href":"https:\/\/hs-shoppen.dk\/index.php\/wp-json\/wp\/v2\/media?parent=3108"}],"wp:term":[{"taxonomy":"product_brand","embeddable":true,"href":"https:\/\/hs-shoppen.dk\/index.php\/wp-json\/wp\/v2\/product_brand?post=3108"},{"taxonomy":"product_cat","embeddable":true,"href":"https:\/\/hs-shoppen.dk\/index.php\/wp-json\/wp\/v2\/product_cat?post=3108"},{"taxonomy":"product_tag","embeddable":true,"href":"https:\/\/hs-shoppen.dk\/index.php\/wp-json\/wp\/v2\/product_tag?post=3108"}],"curies":[{"name":"wp","href":"https:\/\/api.w.org\/{rel}","templated":true}]}}