{"id":3200,"date":"2022-06-10T14:58:38","date_gmt":"2022-06-10T12:58:38","guid":{"rendered":"https:\/\/hs-shoppen.dk\/?post_type=product&#038;p=3200"},"modified":"2023-08-21T18:00:51","modified_gmt":"2023-08-21T16:00:51","slug":"nyhed-laekre-sandaler-fra-jana-med-velcro-lukning-og-ekstra-bredde","status":"publish","type":"product","link":"https:\/\/hs-shoppen.dk\/index.php\/vare\/nyhed-laekre-sandaler-fra-jana-med-velcro-lukning-og-ekstra-bredde\/","title":{"rendered":"Nyhed: l\u00e6kre sandaler fra Jana med velcro lukning og ekstra bredde, kun 200kr"},"content":{"rendered":"<p>L\u00e6kker sandal med smart farvekombination af navy, s\u00f8lv og koksfarvet, tyk bund. Trods den tykke s\u00e5l, er sandalen super let. Nem at smutte i med 3 stk. velcro lukninger om ankel og 2 om foden. f\u00e5s i str. 37-42 normal i str. vejl. 450 kr. &#8211; pris i HS-Shoppen 200 kr.<\/p>\n","protected":false},"excerpt":{"rendered":"<p>L\u00e6kker sandal med smart farvekombination af navy, s\u00f8lv og koksfarvet, tyk bund. Trods den tykke s\u00e5l, er sandalen super let. Nem at smutte i med 3 stk. velcro lukninger om ankel og 2 om foden. f\u00e5s i str. 37-42 normal i str. vejl. 450 kr. &#8211; pris i HS-Shoppen 200 kr.<\/p>\n","protected":false},"featured_media":3207,"comment_status":"closed","ping_status":"closed","template":"","meta":[],"product_brand":[],"product_cat":[16,20],"product_tag":[47,140,284,138],"class_list":{"0":"post-3200","1":"product","2":"type-product","3":"status-publish","4":"has-post-thumbnail","6":"product_cat-dame-fodtoej","7":"product_cat-pigefodtoej","8":"product_tag-dame","9":"product_tag-hael","10":"product_tag-jana","11":"product_tag-sandal","12":"pa_stoerrelse-32","13":"pa_stoerrelse-39","14":"pa_stoerrelse-33","15":"pa_stoerrelse-36","16":"pa_stoerrelse-37","18":"first","19":"instock","20":"sale","21":"purchasable","22":"product-type-variable"},"jetpack_sharing_enabled":true,"_links":{"self":[{"href":"https:\/\/hs-shoppen.dk\/index.php\/wp-json\/wp\/v2\/product\/3200","targetHints":{"allow":["GET"]}}],"collection":[{"href":"https:\/\/hs-shoppen.dk\/index.php\/wp-json\/wp\/v2\/product"}],"about":[{"href":"https:\/\/hs-shoppen.dk\/index.php\/wp-json\/wp\/v2\/types\/product"}],"replies":[{"embeddable":true,"href":"https:\/\/hs-shoppen.dk\/index.php\/wp-json\/wp\/v2\/comments?post=3200"}],"wp:featuredmedia":[{"embeddable":true,"href":"https:\/\/hs-shoppen.dk\/index.php\/wp-json\/wp\/v2\/media\/3207"}],"wp:attachment":[{"href":"https:\/\/hs-shoppen.dk\/index.php\/wp-json\/wp\/v2\/media?parent=3200"}],"wp:term":[{"taxonomy":"product_brand","embeddable":true,"href":"https:\/\/hs-shoppen.dk\/index.php\/wp-json\/wp\/v2\/product_brand?post=3200"},{"taxonomy":"product_cat","embeddable":true,"href":"https:\/\/hs-shoppen.dk\/index.php\/wp-json\/wp\/v2\/product_cat?post=3200"},{"taxonomy":"product_tag","embeddable":true,"href":"https:\/\/hs-shoppen.dk\/index.php\/wp-json\/wp\/v2\/product_tag?post=3200"}],"curies":[{"name":"wp","href":"https:\/\/api.w.org\/{rel}","templated":true}]}}