{"id":3309,"date":"2022-08-19T16:44:56","date_gmt":"2022-08-19T14:44:56","guid":{"rendered":"https:\/\/hs-shoppen.dk\/?post_type=product&#038;p=3309"},"modified":"2023-08-21T17:55:27","modified_gmt":"2023-08-21T15:55:27","slug":"nyhed-laekker-elegant-sandal-fra-tamaris","status":"publish","type":"product","link":"https:\/\/hs-shoppen.dk\/index.php\/vare\/nyhed-laekker-elegant-sandal-fra-tamaris\/","title":{"rendered":"Nyhed: l\u00e6kker elegant sandal fra Tamaris"},"content":{"rendered":"<p>L\u00e6kker sandal fra Tamaris med med 7 cm h\u00e6l, skind s\u00e5l og stropper, elegant og smart p\u00e5 samme tid og i dejlig varm cognac farve. Sandalen er super let. Pris i HS-Shoppen 300 kr., vejl. 699,95 kr., f\u00e5s i str. 36-41<\/p>\n","protected":false},"excerpt":{"rendered":"<p>L\u00e6kker sandal fra Tamaris med med 7 cm h\u00e6l, skind s\u00e5l og stropper, elegant og smart p\u00e5 samme tid og i dejlig varm cognac farve. Sandalen er super let. Pris i HS-Shoppen 300 kr., vejl. 699,95 kr., f\u00e5s i str. 36-41<\/p>\n","protected":false},"featured_media":3316,"comment_status":"closed","ping_status":"closed","template":"","meta":[],"product_brand":[],"product_cat":[16,20],"product_tag":[291,226,47,140,138,31],"class_list":{"0":"post-3309","1":"product","2":"type-product","3":"status-publish","4":"has-post-thumbnail","6":"product_cat-dame-fodtoej","7":"product_cat-pigefodtoej","8":"product_tag-7-cm-hael","9":"product_tag-cognac-farvet","10":"product_tag-dame","11":"product_tag-hael","12":"product_tag-sandal","13":"product_tag-skind","14":"pa_stoerrelse-38","15":"pa_stoerrelse-32","16":"pa_stoerrelse-39","17":"pa_stoerrelse-33","18":"pa_stoerrelse-36","19":"pa_stoerrelse-37","21":"first","22":"instock","23":"sale","24":"purchasable","25":"product-type-variable"},"jetpack_sharing_enabled":true,"_links":{"self":[{"href":"https:\/\/hs-shoppen.dk\/index.php\/wp-json\/wp\/v2\/product\/3309","targetHints":{"allow":["GET"]}}],"collection":[{"href":"https:\/\/hs-shoppen.dk\/index.php\/wp-json\/wp\/v2\/product"}],"about":[{"href":"https:\/\/hs-shoppen.dk\/index.php\/wp-json\/wp\/v2\/types\/product"}],"replies":[{"embeddable":true,"href":"https:\/\/hs-shoppen.dk\/index.php\/wp-json\/wp\/v2\/comments?post=3309"}],"wp:featuredmedia":[{"embeddable":true,"href":"https:\/\/hs-shoppen.dk\/index.php\/wp-json\/wp\/v2\/media\/3316"}],"wp:attachment":[{"href":"https:\/\/hs-shoppen.dk\/index.php\/wp-json\/wp\/v2\/media?parent=3309"}],"wp:term":[{"taxonomy":"product_brand","embeddable":true,"href":"https:\/\/hs-shoppen.dk\/index.php\/wp-json\/wp\/v2\/product_brand?post=3309"},{"taxonomy":"product_cat","embeddable":true,"href":"https:\/\/hs-shoppen.dk\/index.php\/wp-json\/wp\/v2\/product_cat?post=3309"},{"taxonomy":"product_tag","embeddable":true,"href":"https:\/\/hs-shoppen.dk\/index.php\/wp-json\/wp\/v2\/product_tag?post=3309"}],"curies":[{"name":"wp","href":"https:\/\/api.w.org\/{rel}","templated":true}]}}