{"id":3593,"date":"2023-03-27T17:05:28","date_gmt":"2023-03-27T15:05:28","guid":{"rendered":"https:\/\/hs-shoppen.dk\/?post_type=product&#038;p=3593"},"modified":"2024-05-15T16:22:23","modified_gmt":"2024-05-15T14:22:23","slug":"nyhed-tamaris-sandaler-sort-med-bloed-skind-saal","status":"publish","type":"product","link":"https:\/\/hs-shoppen.dk\/index.php\/vare\/nyhed-tamaris-sandaler-sort-med-bloed-skind-saal\/","title":{"rendered":"Nyhed &#8211; Tamaris sandaler sort med bl\u00f8d skind s\u00e5l"},"content":{"rendered":"<p>Fede sandaler fra Tamaris, bl\u00f8d skinds\u00e5l og super lette og prisen klager vi hellere ikke over, kun 300 kr i HS-Shoppen, f\u00e5s i str 37-42, <span class=\"x3nfvp2 x1j61x8r x1fcty0u xdj266r xhhsvwb xat24cr xgzva0m xxymvpz xlup9mm x1kky2od\"><img loading=\"lazy\" decoding=\"async\" src=\"https:\/\/static.xx.fbcdn.net\/images\/emoji.php\/v9\/tb1\/1.5\/16\/1f929.png\" alt=\"\ud83e\udd29\" width=\"16\" height=\"16\" \/><\/span><span class=\"x3nfvp2 x1j61x8r x1fcty0u xdj266r xhhsvwb xat24cr xgzva0m xxymvpz xlup9mm x1kky2od\"><img loading=\"lazy\" decoding=\"async\" src=\"https:\/\/static.xx.fbcdn.net\/images\/emoji.php\/v9\/tb1\/1.5\/16\/1f929.png\" alt=\"\ud83e\udd29\" width=\"16\" height=\"16\" \/><\/span><span class=\"x3nfvp2 x1j61x8r x1fcty0u xdj266r xhhsvwb xat24cr xgzva0m xxymvpz xlup9mm x1kky2od\"><img loading=\"lazy\" decoding=\"async\" src=\"https:\/\/static.xx.fbcdn.net\/images\/emoji.php\/v9\/tb1\/1.5\/16\/1f929.png\" alt=\"\ud83e\udd29\" width=\"16\" height=\"16\" \/><\/span><\/p>\n<p>vejl.pris er 599,95<\/p>\n","protected":false},"excerpt":{"rendered":"<p>Fede sandaler fra Tamaris, bl\u00f8d skinds\u00e5l og super lette og prisen klager vi hellere ikke over, kun 300 kr i HS-Shoppen, f\u00e5s i str 37-42, <span class=\"x3nfvp2 x1j61x8r x1fcty0u xdj266r xhhsvwb xat24cr xgzva0m xxymvpz xlup9mm x1kky2od\"><img loading=\"lazy\" decoding=\"async\" src=\"https:\/\/static.xx.fbcdn.net\/images\/emoji.php\/v9\/tb1\/1.5\/16\/1f929.png\" alt=\"\ud83e\udd29\" width=\"16\" height=\"16\" \/><\/span><span class=\"x3nfvp2 x1j61x8r x1fcty0u xdj266r xhhsvwb xat24cr xgzva0m xxymvpz xlup9mm x1kky2od\"><img loading=\"lazy\" decoding=\"async\" src=\"https:\/\/static.xx.fbcdn.net\/images\/emoji.php\/v9\/tb1\/1.5\/16\/1f929.png\" alt=\"\ud83e\udd29\" width=\"16\" height=\"16\" \/><\/span><span class=\"x3nfvp2 x1j61x8r x1fcty0u xdj266r xhhsvwb xat24cr xgzva0m xxymvpz xlup9mm x1kky2od\"><img loading=\"lazy\" decoding=\"async\" src=\"https:\/\/static.xx.fbcdn.net\/images\/emoji.php\/v9\/tb1\/1.5\/16\/1f929.png\" alt=\"\ud83e\udd29\" width=\"16\" height=\"16\" \/><\/span><\/p>\n<p>vejl.pris er 599,95<\/p>\n","protected":false},"featured_media":3600,"comment_status":"open","ping_status":"closed","template":"","meta":[],"product_brand":[],"product_cat":[16,20],"product_tag":[],"class_list":{"0":"post-3593","1":"product","2":"type-product","3":"status-publish","4":"has-post-thumbnail","6":"product_cat-dame-fodtoej","7":"product_cat-pigefodtoej","8":"pa_stoerrelse-32","9":"pa_stoerrelse-39","10":"pa_stoerrelse-33","11":"pa_stoerrelse-36","12":"pa_stoerrelse-37","13":"pa_stoerrelse-104","15":"first","16":"instock","17":"sale","18":"purchasable","19":"product-type-variable"},"jetpack_sharing_enabled":true,"_links":{"self":[{"href":"https:\/\/hs-shoppen.dk\/index.php\/wp-json\/wp\/v2\/product\/3593","targetHints":{"allow":["GET"]}}],"collection":[{"href":"https:\/\/hs-shoppen.dk\/index.php\/wp-json\/wp\/v2\/product"}],"about":[{"href":"https:\/\/hs-shoppen.dk\/index.php\/wp-json\/wp\/v2\/types\/product"}],"replies":[{"embeddable":true,"href":"https:\/\/hs-shoppen.dk\/index.php\/wp-json\/wp\/v2\/comments?post=3593"}],"wp:featuredmedia":[{"embeddable":true,"href":"https:\/\/hs-shoppen.dk\/index.php\/wp-json\/wp\/v2\/media\/3600"}],"wp:attachment":[{"href":"https:\/\/hs-shoppen.dk\/index.php\/wp-json\/wp\/v2\/media?parent=3593"}],"wp:term":[{"taxonomy":"product_brand","embeddable":true,"href":"https:\/\/hs-shoppen.dk\/index.php\/wp-json\/wp\/v2\/product_brand?post=3593"},{"taxonomy":"product_cat","embeddable":true,"href":"https:\/\/hs-shoppen.dk\/index.php\/wp-json\/wp\/v2\/product_cat?post=3593"},{"taxonomy":"product_tag","embeddable":true,"href":"https:\/\/hs-shoppen.dk\/index.php\/wp-json\/wp\/v2\/product_tag?post=3593"}],"curies":[{"name":"wp","href":"https:\/\/api.w.org\/{rel}","templated":true}]}}